{"id":3605,"date":"2025-03-04T21:12:06","date_gmt":"2025-03-04T20:12:06","guid":{"rendered":"https:\/\/mercaton.pl\/?page_id=3605"},"modified":"2025-03-12T14:06:50","modified_gmt":"2025-03-12T13:06:50","slug":"3605-2","status":"publish","type":"page","link":"https:\/\/mercaton.pl\/en\/3605-2\/","title":{"rendered":"Nadz\u00f3r KNF"},"content":{"rendered":"\n<p>Mercaton ASI sp. z o.o. jest zarz\u0105dzaj\u0105cym wewn\u0119trznie Alternatywn\u0105 Sp\u00f3\u0142k\u0105 Inwestycyjn\u0105, prowadz\u0105cym dzia\u0142alno\u015b\u0107 na podstawie wpisu do rejestru zarz\u0105dzaj\u0105cych ASI prowadzonego przez Komisj\u0119 Nadzoru Finansowego (KNF).<\/p>\n\n\n\n<p><strong>Zakres nadzoru KNF<\/strong><\/p>\n\n\n\n<p>Mercaton ASI, jako zarz\u0105dzaj\u0105cy ASI wpisany do rejestru podlega ograniczonemu nadzorowi KNF. Ograniczony jest r\u00f3wnie\u017c zakres okresowego raportowania wobec KNF, kt\u00f3ry obejmuje informacje: o:<\/p>\n\n\n\n<ul class=\"wp-block-list\">\n<li>\u0141\u0105cznej warto\u015bci aktyw\u00f3w wchodz\u0105cych w sk\u0142ad portfeli inwestycyjnych zarz\u0105dzanych ASI<\/li>\n\n\n\n<li>Pi\u0119ciu najwi\u0119kszych inwestycjach ASI<\/li>\n<\/ul>\n\n\n\n<p>KNF nie weryfikuje:<\/p>\n\n\n\n<ul class=\"wp-block-list\">\n<li>Sprawozda\u0144 finansowych zarz\u0105dzaj\u0105cych ASI oraz ASI<\/li>\n\n\n\n<li>Sk\u0142adu portfela inwestycyjnego ASI<\/li>\n\n\n\n<li>Zmian w dokumentach wewn\u0119trznych ASI (np. w polityce i strategii inwestycyjnej)<\/li>\n\n\n\n<li>Bie\u017c\u0105cej dzia\u0142alno\u015bci inwestycyjnej ASI<\/li>\n<\/ul>\n\n\n\n<p><strong>Wa\u017cne informacje dla inwestor\u00f3w<\/strong><\/p>\n\n\n\n<p>Inwestorzy powinni mie\u0107 \u015bwiadomo\u015b\u0107, \u017ce:<\/p>\n\n\n\n<ul class=\"wp-block-list\">\n<li>Katalog lokat ASI pozostaje otwarty &#8211; brak jest ustawowych ogranicze\u0144 dotycz\u0105cych dopuszczalnych inwestycji, cho\u0107 Sp\u00f3\u0142ka powinna dokonywa\u0107 lokat zgodnie z polityk\u0105 i strategi\u0105 inwestycyjn\u0105 zawart\u0105 w Umowie Sp\u00f3\u0142ki<\/li>\n\n\n\n<li>Nie ma obowi\u0105zku zawarcia umowy z depozytariuszem przechowuj\u0105cym i kontroluj\u0105cym aktywa ASI<\/li>\n\n\n\n<li>Ze wzgl\u0119du na ograniczony zakres regulacji i nadzoru nad dzia\u0142alno\u015bci\u0105 ASI, inwestycje w prawa uczestnictwa ASI wi\u0105\u017c\u0105 si\u0119 z podwy\u017cszonym ryzykiem inwestycyjnym.<\/li>\n<\/ul>\n\n\n\n<p><strong>Podstawa prawna<\/strong><\/p>\n\n\n\n<p>Dzia\u0142amy w oparciu o przepisy ustawy z dnia 27 maja 2004 r. o funduszach inwestycyjnych i zarz\u0105dzaniu alternatywnymi funduszami inwestycyjnymi oraz na podstawie wpisu do rejestru zarz\u0105dzaj\u0105cych ASI prowadzonego przez KNF\u201d.<\/p>\n","protected":false},"excerpt":{"rendered":"<p>Mercaton ASI sp. z o.o. jest zarz\u0105dzaj\u0105cym wewn\u0119trznie Alternatywn\u0105 Sp\u00f3\u0142k\u0105 Inwestycyjn\u0105, prowadz\u0105cym dzia\u0142alno\u015b\u0107 na podstawie wpisu do rejestru zarz\u0105dzaj\u0105cych ASI prowadzonego przez Komisj\u0119 Nadzoru Finansowego (KNF). Zakres nadzoru KNF Mercaton ASI, jako zarz\u0105dzaj\u0105cy ASI wpisany do rejestru podlega ograniczonemu nadzorowi KNF. Ograniczony jest r\u00f3wnie\u017c zakres okresowego raportowania wobec KNF, kt\u00f3ry obejmuje informacje: o: KNF nie [&hellip;]<\/p>\n","protected":false},"author":1,"featured_media":0,"parent":0,"menu_order":0,"comment_status":"closed","ping_status":"closed","template":"","meta":{"inline_featured_image":false,"footnotes":"","_links_to":"","_links_to_target":""},"class_list":["post-3605","page","type-page","status-publish","hentry"],"_links":{"self":[{"href":"https:\/\/mercaton.pl\/en\/wp-json\/wp\/v2\/pages\/3605","targetHints":{"allow":["GET"]}}],"collection":[{"href":"https:\/\/mercaton.pl\/en\/wp-json\/wp\/v2\/pages"}],"about":[{"href":"https:\/\/mercaton.pl\/en\/wp-json\/wp\/v2\/types\/page"}],"author":[{"embeddable":true,"href":"https:\/\/mercaton.pl\/en\/wp-json\/wp\/v2\/users\/1"}],"replies":[{"embeddable":true,"href":"https:\/\/mercaton.pl\/en\/wp-json\/wp\/v2\/comments?post=3605"}],"version-history":[{"count":2,"href":"https:\/\/mercaton.pl\/en\/wp-json\/wp\/v2\/pages\/3605\/revisions"}],"predecessor-version":[{"id":3618,"href":"https:\/\/mercaton.pl\/en\/wp-json\/wp\/v2\/pages\/3605\/revisions\/3618"}],"wp:attachment":[{"href":"https:\/\/mercaton.pl\/en\/wp-json\/wp\/v2\/media?parent=3605"}],"curies":[{"name":"wp","href":"https:\/\/api.w.org\/{rel}","templated":true}]}}