{"id":3229,"date":"2023-10-31T15:09:28","date_gmt":"2023-10-31T14:09:28","guid":{"rendered":"https:\/\/mercaton.pl\/en\/?page_id=3229"},"modified":"2023-10-31T15:14:23","modified_gmt":"2023-10-31T14:14:23","slug":"relacje-inwestorskie","status":"publish","type":"page","link":"https:\/\/mercaton.pl\/en\/relacje-inwestorskie\/","title":{"rendered":"Relacje Inwestorskie"},"content":{"rendered":"[vc_row el_class=&#8221;anchor&#8221;][vc_column][vc_empty_space height=&#8221;0px&#8221; el_id=&#8221;o-nas&#8221;][\/vc_column][\/vc_row][vc_row el_class=&#8221;anchor&#8221;][vc_column][vc_empty_space height=&#8221;0px&#8221; el_id=&#8221;doswiadczenie-zespolu&#8221;][\/vc_column][\/vc_row][vc_row el_class=&#8221;anchor&#8221;][vc_column][vc_empty_space height=&#8221;0px&#8221; el_id=&#8221;dlaczego-my&#8221;][\/vc_column][\/vc_row][vc_row css=&#8221;.vc_custom_1684927195807{margin-top: 50px !important;}&#8221;][vc_column width=&#8221;1\/12&#8243; offset=&#8221;vc_hidden-xs&#8221;][\/vc_column][vc_column width=&#8221;5\/6&#8243;][vc_column_text el_class=&#8221;special-header&#8221;]\n<h1>Relacje Inwestorskie<\/h1>\n[\/vc_column_text][\/vc_column][vc_column width=&#8221;1\/12&#8243; offset=&#8221;vc_hidden-xs&#8221;][\/vc_column][\/vc_row][vc_row css=&#8221;.vc_custom_1684848658357{margin-top: 40px !important;margin-bottom: 40px !important;}&#8221;][vc_column width=&#8221;1\/12&#8243; offset=&#8221;vc_hidden-xs&#8221;][\/vc_column][vc_column width=&#8221;5\/6&#8243;][vc_row_inner][vc_column_inner][vc_column_text]<strong>Przy podejmowaniu decyzji inwestycyjnych nie bierze si\u0119 pod uwag\u0119 ich niekorzystnych skutk\u00f3w dla czynnik\u00f3w zr\u00f3wnowa\u017conego rozwoju.<\/strong><\/p>\n<p>Inwestycje dokonywane przez Mercaton ASI sp. z o.o. (\u201e<strong>Sp\u00f3\u0142ka<\/strong>\u201d) nie uwzgl\u0119dniaj\u0105 unijnych kryteri\u00f3w dotycz\u0105cych zr\u00f3wnowa\u017conej \u015brodowiskowo dzia\u0142alno\u015bci gospodarczej.<\/p>\n<p>Sp\u00f3\u0142ka realizuje w spos\u00f3b ci\u0105g\u0142y jednolit\u0105 polityk\u0119 i strategi\u0119 inwestycyjn\u0105 przyj\u0119t\u0105 od pocz\u0105tku jej funkcjonowania i maj\u0105c\u0105 zastosowanie do Sp\u00f3\u0142ki jako wewn\u0119trznie zarz\u0105dzanej ASI (tym samym jedynej ASI zarz\u0105dzanej przez Sp\u00f3\u0142k\u0119).<\/p>\n<p>Wszystkie projekty inwestycyjne rozwa\u017cane dotychczas przez Sp\u00f3\u0142k\u0119 podlega\u0142y ocenie na podstawie tych samych kryteri\u00f3w, co zapewnia\u0142o przejrzysto\u015b\u0107 zasad podejmowania decyzji inwestycyjnych zar\u00f3wno z punktu widzenia inwestor\u00f3w Sp\u00f3\u0142ki, jak i zespo\u0142\u00f3w zarz\u0105dzaj\u0105cych i innych interesariuszy sp\u00f3\u0142ek, co do kt\u00f3rych Sp\u00f3\u0142ka dokonywa\u0142a analizy.<\/p>\n<p>Dla zachowania ci\u0105g\u0142o\u015bci budowy portfela inwestycyjnego oraz utrzymania przejrzysto\u015bci procesu podejmowania decyzji dla innych uczestnik\u00f3w rynku, Sp\u00f3\u0142ka uzna\u0142a za zasadne utrzymanie to\u017csamych kryteri\u00f3w oceny inwestycji w ca\u0142ym okresie funkcjonowania zarz\u0105dzanej przez ni\u0105 ASI.<\/p>\n<p>W przypadku inwestycji w sp\u00f3\u0142ki, w kt\u00f3rych wyst\u0119puj\u0105 procesy produkcyjne, przetw\u00f3rcze lub inne mog\u0105ce mie\u0107 istotny wp\u0142yw na klimat lub \u015brodowisko, Sp\u00f3\u0142ka, jako ich wsp\u00f3lnik (akcjonariusz) popiera i b\u0119dzie popiera\u0107 podejmowanie wszelkich dzia\u0142a\u0144 maj\u0105cych na celu zmniejszanie negatywnego oddzia\u0142ywania na \u015brodowisko. Natomiast specyfika dzia\u0142alno\u015bci oparta na daleko id\u0105cej specjalizacji i szczeg\u00f3lnych wymogach w zakresie kompetencji cz\u0142onk\u00f3w zespo\u0142u, w praktyce mocno ogranicza mo\u017cliwo\u015b\u0107 stosowania kryteri\u00f3w r\u00f3\u017cnorodno\u015bci czy rozbudowanych polityk w zakresie zatrudniania, wynagradzania lub premiowania pracownik\u00f3w. Z tych wzgl\u0119d\u00f3w brak uwzgl\u0119dnienia oceny skutk\u00f3w dla czynnik\u00f3w zr\u00f3wnowa\u017conego rozwoju dokonywanych przez Sp\u00f3\u0142k\u0119 inwestycji, nie wyklucza podejmowania dzia\u0142a\u0144 sprzyjaj\u0105cych uwzgl\u0119dnianiu tych czynnik\u00f3w na poziomie poszczeg\u00f3lnych sp\u00f3\u0142ek portfelowych. Jednak\u017ce z powo\u0142anych na wst\u0119pie wzgl\u0119d\u00f3w wprowadzanie dodatkowych narz\u0119dzi oceny by\u0142oby nieuzasadnione z punktu widzenia ekonomiki procesu inwestycyjnego i efektywnego wykorzystania powierzonych przez inwestor\u00f3w \u015brodk\u00f3w.[\/vc_column_text][\/vc_column_inner][\/vc_row_inner][vc_column_text css=&#8221;.vc_custom_1698761360385{margin-top: 50px !important;}&#8221;]<a href=\"https:\/\/mercaton.pl\/wp-content\/uploads\/2023\/10\/Mercaton_info_zmiana-UFI.docx.pdf\" style=\"color: #0000EE; text-decoration: underline\">Informacja dot. wej\u015bcia w \u017cycie ustawy z dnia 16 sierpnia 2023 r. o zmianie niekt\u00f3rych ustaw w zwi\u0105zku z zapewnieniem rozwoju rynku finansowego oraz ochrony inwestor\u00f3w w na tym rynku, zmieniaj\u0105ca m.in. ustaw\u0119 z dnia 27 maja 2004 r. o funduszach inwestycyjnych i zarz\u0105dzaniu alternatywnymi funduszami inwestycyjnymi<\/a>[\/vc_column_text][\/vc_column][vc_column width=&#8221;1\/12&#8243; offset=&#8221;vc_hidden-xs&#8221;][\/vc_column][\/vc_row]\n","protected":false},"excerpt":{"rendered":"<p>[vc_row el_class=&#8221;anchor&#8221;][vc_column][vc_empty_space height=&#8221;0px&#8221; el_id=&#8221;o-nas&#8221;][\/vc_column][\/vc_row][vc_row el_class=&#8221;anchor&#8221;][vc_column][vc_empty_space height=&#8221;0px&#8221; el_id=&#8221;doswiadczenie-zespolu&#8221;][\/vc_column][\/vc_row][vc_row el_class=&#8221;anchor&#8221;][vc_column][vc_empty_space height=&#8221;0px&#8221; el_id=&#8221;dlaczego-my&#8221;][\/vc_column][\/vc_row][vc_row css=&#8221;.vc_custom_1684927195807{margin-top: 50px !important;}&#8221;][vc_column width=&#8221;1\/12&#8243; offset=&#8221;vc_hidden-xs&#8221;][\/vc_column][vc_column width=&#8221;5\/6&#8243;][vc_column_text el_class=&#8221;special-header&#8221;] Relacje Inwestorskie [\/vc_column_text][\/vc_column][vc_column width=&#8221;1\/12&#8243; offset=&#8221;vc_hidden-xs&#8221;][\/vc_column][\/vc_row][vc_row css=&#8221;.vc_custom_1684848658357{margin-top: 40px !important;margin-bottom: 40px !important;}&#8221;][vc_column width=&#8221;1\/12&#8243; offset=&#8221;vc_hidden-xs&#8221;][\/vc_column][vc_column width=&#8221;5\/6&#8243;][vc_row_inner][vc_column_inner][vc_column_text]Przy podejmowaniu decyzji inwestycyjnych nie bierze si\u0119 pod uwag\u0119 ich niekorzystnych skutk\u00f3w dla czynnik\u00f3w zr\u00f3wnowa\u017conego rozwoju. Inwestycje dokonywane przez Mercaton ASI sp. z o.o. (\u201eSp\u00f3\u0142ka\u201d) nie [&hellip;]<\/p>\n","protected":false},"author":49,"featured_media":0,"parent":0,"menu_order":0,"comment_status":"closed","ping_status":"closed","template":"","meta":{"inline_featured_image":false,"footnotes":"","_links_to":"","_links_to_target":""},"class_list":["post-3229","page","type-page","status-publish","hentry"],"_links":{"self":[{"href":"https:\/\/mercaton.pl\/en\/wp-json\/wp\/v2\/pages\/3229","targetHints":{"allow":["GET"]}}],"collection":[{"href":"https:\/\/mercaton.pl\/en\/wp-json\/wp\/v2\/pages"}],"about":[{"href":"https:\/\/mercaton.pl\/en\/wp-json\/wp\/v2\/types\/page"}],"author":[{"embeddable":true,"href":"https:\/\/mercaton.pl\/en\/wp-json\/wp\/v2\/users\/49"}],"replies":[{"embeddable":true,"href":"https:\/\/mercaton.pl\/en\/wp-json\/wp\/v2\/comments?post=3229"}],"version-history":[{"count":5,"href":"https:\/\/mercaton.pl\/en\/wp-json\/wp\/v2\/pages\/3229\/revisions"}],"predecessor-version":[{"id":3236,"href":"https:\/\/mercaton.pl\/en\/wp-json\/wp\/v2\/pages\/3229\/revisions\/3236"}],"wp:attachment":[{"href":"https:\/\/mercaton.pl\/en\/wp-json\/wp\/v2\/media?parent=3229"}],"curies":[{"name":"wp","href":"https:\/\/api.w.org\/{rel}","templated":true}]}}