{"id":2762,"date":"2023-05-22T15:34:47","date_gmt":"2023-05-22T13:34:47","guid":{"rendered":"https:\/\/mercaton.pl\/?page_id=2762"},"modified":"2024-05-20T14:18:05","modified_gmt":"2024-05-20T12:18:05","slug":"portfolio-inwestycyjne","status":"publish","type":"page","link":"https:\/\/mercaton.pl\/en\/portfolio-inwestycyjne\/","title":{"rendered":"Portfolio"},"content":{"rendered":"[vc_row el_class=&#8221;anchor&#8221;][vc_column][vc_empty_space height=&#8221;0px&#8221; el_id=&#8221;o-nas&#8221;][\/vc_column][\/vc_row][vc_row el_class=&#8221;anchor&#8221;][vc_column][vc_empty_space height=&#8221;0px&#8221; el_id=&#8221;doswiadczenie-zespolu&#8221;][\/vc_column][\/vc_row][vc_row el_class=&#8221;anchor&#8221;][vc_column][vc_empty_space height=&#8221;0px&#8221; el_id=&#8221;dlaczego-my&#8221;][\/vc_column][\/vc_row][vc_row css=&#8221;.vc_custom_1684928788161{margin-top: 50px !important;}&#8221;][vc_column width=&#8221;1\/12&#8243;][\/vc_column][vc_column width=&#8221;5\/6&#8243;][vc_column_text el_class=&#8221;special-header&#8221;]\n<h1>Portfolio<\/h1>\n[\/vc_column_text][\/vc_column][vc_column width=&#8221;1\/12&#8243;][\/vc_column][\/vc_row][vc_row][vc_column][vc_column_text]&nbsp;<\/p>\n<p>&nbsp;<\/p>\n<p>&nbsp;[\/vc_column_text][\/vc_column][\/vc_row][vc_row full_width=&#8221;stretch_row_content_no_spaces&#8221;][vc_column]<section class=\"wgl_cpt_section\"><div class=\"wgl_portfolio_list\" id=\"portfolio_module_69e2145031455\"><div class=\"wgl_portfolio_list-container container-grid row grid portfolio_columns-1 custom-portfolio-view custom-portfolio-view-pl\"  style=\"margin-right:-15px; margin-left:-15px; margin-bottom:-30px;\"><article class=\"wgl_portfolio_list-item item wgl_col-12 branza-fmcg\"  style=\"padding-right:15px; padding-left:15px; padding-bottom:30px\"><div class=\"wgl_portfolio_item-wrapper under_image h_align_left\"><div class=\"wgl_portfolio_item-image\"><img decoding=\"async\"  src=\"https:\/\/mercaton.pl\/wp-content\/uploads\/2023\/05\/seize.png\"  alt=\"\" \/><div class=\"overlay\"><\/div><\/div><div class=\"wgl_portfolio_item-description\"><div class=\"wgl_portfolio_item-title\"><h4 class=\"title\"><a href=\"https:\/\/mercaton.pl\/en\/portfolio\/seize\/\">SEIZE<\/a><\/h4><\/div><div class=\"wgl_portfolio_item-meta\"><span class=\"post_cats\"><a href=https:\/\/mercaton.pl\/en\/portfolio-category\/branza-fmcg\/ class=\"portfolio-category\">Bran\u017ca FMCG<\/a><\/span><\/div><div class=\"wgl_portfolio_item-content\"><div class=\"content\"><div class='wrapper'>Sp\u00f3\u0142ka SEIZE (wcze\u015bniej Mate T) to polski producent innowacyjnych ekspres\u00f3w do herbat li\u015bciastych. Urz\u0105dzenie jest efektem 3 lat prac badawczo rozwojowych, w 100% przeprowadzonych w Polsce. Sp\u00f3\u0142ka wsp\u00f3\u0142pracuje z najwi\u0119kszymi dystrybutorami wyposa\u017cenia gastronomicznego takimi jak Best Coffee Systems (koinwestor) czy Lyreco. Jednym z odbiorc\u00f3w ekspres\u00f3w jest sie\u0107 stacji benzynowych (wsp\u00f3\u0142praca wchodzi w okres skalowania). Sp\u00f3ka sprzedaje obecnie 45 urz\u0105dze\u0144 miesi\u0119cznie (osi\u0105gni\u0119cie BEP) a dzi\u0119ki otwarciu kolejnych rynk\u00f3w ilo\u015b\u0107 ta ma stopniowo wzrosn\u0105\u0107 do 2000 miesi\u0119cznie do roku 2027. Seize opracowa\u0142a tak\u017ce kasetki z herbat\u0105 dedykowane do sprzedawanych ekspres\u00f3w co jest dodatkowym, \u017ar\u00f3d\u0142em przychod\u00f3w dla sp\u00f3\u0142ki a tak\u017ce zapewnieniem ekskluzywnego dost\u0119pu surowca.\r\n\r\n<\/div><\/div><\/div><\/div><\/div><\/article><article class=\"wgl_portfolio_list-item item wgl_col-12 integracja-rynku-w-zakresie-rzemieslniczych-kawiarnio-piekarni\"  style=\"padding-right:15px; padding-left:15px; padding-bottom:30px\"><div class=\"wgl_portfolio_item-wrapper under_image h_align_left\"><div class=\"wgl_portfolio_item-image\"><img decoding=\"async\"  src=\"https:\/\/mercaton.pl\/wp-content\/uploads\/2023\/05\/s4b.png\"  alt=\"\" \/><div class=\"overlay\"><\/div><\/div><div class=\"wgl_portfolio_item-description\"><div class=\"wgl_portfolio_item-title\"><h4 class=\"title\"><a href=\"https:\/\/mercaton.pl\/en\/portfolio\/s4b\/\">S4B<\/a><\/h4><\/div><div class=\"wgl_portfolio_item-meta\"><span class=\"post_cats\"><a href=https:\/\/mercaton.pl\/en\/portfolio-category\/integracja-rynku-w-zakresie-rzemieslniczych-kawiarnio-piekarni\/ class=\"portfolio-category\">Integracja rynku w zakresie rzemie\u015blniczych kawiarnio-piekarni<\/a><\/span><\/div><div class=\"wgl_portfolio_item-content\"><div class=\"content\"><div class='wrapper'>Sp\u00f3\u0142ka S4B to sp\u00f3\u0142ka celowa za\u0142o\u017cona do realizowania przej\u0119\u0107 podmiot\u00f3w z rynku FMCG:\r\n<ul>\r\n \t<li>Obecnie sp\u00f3\u0142ka pozyskuje kolejne rundy finansowania<\/li>\r\n \t<li>Cele przej\u0119\u0107 s\u0105 zdefiniowane (faza tworzenia umowy inwestycyjnej\/faza due dilligence)<\/li>\r\n \t<li>Udzia\u0142 w projekcie bior\u0105 do\u015bwiadczone osoby z bran\u017cy<\/li>\r\n<\/ul>\r\n<\/div><\/div><\/div><\/div><\/div><\/article><article class=\"wgl_portfolio_list-item item wgl_col-12 branza-gameingowa\"  style=\"padding-right:15px; padding-left:15px; padding-bottom:30px\"><div class=\"wgl_portfolio_item-wrapper under_image h_align_left\"><div class=\"wgl_portfolio_item-image\"><img decoding=\"async\"  src=\"https:\/\/mercaton.pl\/wp-content\/uploads\/2023\/05\/oxygen.png\"  alt=\"\" \/><div class=\"overlay\"><\/div><\/div><div class=\"wgl_portfolio_item-description\"><div class=\"wgl_portfolio_item-title\"><h4 class=\"title\"><a href=\"https:\/\/mercaton.pl\/en\/portfolio\/oxygen\/\">OXYGEN<\/a><\/h4><\/div><div class=\"wgl_portfolio_item-meta\"><span class=\"post_cats\"><a href=https:\/\/mercaton.pl\/en\/portfolio-category\/branza-gameingowa\/ class=\"portfolio-category\">Bran\u017ca gameingowa<\/a><\/span><\/div><div class=\"wgl_portfolio_item-content\"><div class=\"content\"><div class='wrapper'>Oxygen SA prowadzi dzia\u0142alno\u015b\u0107 w zakresie produkcji i wydawania gier, skupiaj\u0105c si\u0119 na zwi\u0119kszaniu jako\u015bci oferowanej przez nie rozgrywki. Zgodnie ze strategi\u0105 przedstawion\u0105 w 2020 roku, w 2022 roku zosta\u0142o wydanych 20 tytu\u0142\u00f3w. Dodatkowo strategia, kt\u00f3ra zak\u0142ada \u015bledzenie i wy\u0142apywanie trend\u00f3w pozwoli\u0142a na wej\u015bcie Grupy w \u015bwiat NFT i kryptowalut, czego pozytywnym skutkiem jest przygotowanie w\u0142asnej emisji token\u00f3w NFT (29 i 30.11 odby\u0142 si\u0119 mint): fastsociety.io. Dodatkowo Oxygen bardzo mocno zaistnia\u0142 na rynku gier web3 i sp\u00f3\u0142ka jest ju\u017c rozpoznawana w tej przestrzeni jako specjalista od gier. Sp\u00f3\u0142ka jest notowana na NewConnect (OXY).<\/div><\/div><\/div><\/div><\/div><\/article><article class=\"wgl_portfolio_list-item item wgl_col-12 adaptacje-gier-video-do-gier-planszowych\"  style=\"padding-right:15px; padding-left:15px; padding-bottom:30px\"><div class=\"wgl_portfolio_item-wrapper under_image h_align_left\"><div class=\"wgl_portfolio_item-image\"><img decoding=\"async\"  src=\"https:\/\/mercaton.pl\/wp-content\/uploads\/2023\/05\/glass.png\"  alt=\"\" \/><div class=\"overlay\"><\/div><\/div><div class=\"wgl_portfolio_item-description\"><div class=\"wgl_portfolio_item-title\"><h4 class=\"title\"><a href=\"https:\/\/mercaton.pl\/en\/portfolio\/glass-cannon-unplugged\/\">Glass Cannon Unplugged<\/a><\/h4><\/div><div class=\"wgl_portfolio_item-meta\"><span class=\"post_cats\"><a href=https:\/\/mercaton.pl\/en\/portfolio-category\/adaptacje-gier-video-do-gier-planszowych\/ class=\"portfolio-category\">Adaptacje gier video do gier planszowych<\/a><\/span><\/div><div class=\"wgl_portfolio_item-content\"><div class=\"content\"><div class='wrapper'>Sp\u00f3\u0142ka Glass Canon Unplagged tworzy gry planszowe na podstawie bestsellerowych gier video. Wynik z pierwszego projektu sp\u00f3\u0142ki: Frostpunk: The Board Game ponad 3,5 mln zysku przy ok. 20 mln przychodu. Sp\u00f3\u0142ka ma podpisane kolejne 4 umowy licencyjne z najwi\u0119kszymi IP \u015bwiatowymi z PL (m.in. Dying Light), US i Kanady o znacznie wi\u0119kszym potencjale (i sile marki) ni\u017c pierwszy projekt, jednocze\u015bnie negocjuj\u0105c kolejne umowy. Sp\u00f3\u0142ka planuje wyda\u0107 kolejne dwa produkty w 2023 r., a od 2024 r. doj\u015b\u0107 do 3- 4 projekt\u00f3w rocznie.<\/div><\/div><\/div><\/div><\/div><\/article><article class=\"wgl_portfolio_list-item item wgl_col-12 produkcja-zywnosci-funkcjonalnej\"  style=\"padding-right:15px; padding-left:15px; padding-bottom:30px\"><div class=\"wgl_portfolio_item-wrapper under_image h_align_left\"><div class=\"wgl_portfolio_item-image\"><img decoding=\"async\"  src=\"https:\/\/mercaton.pl\/wp-content\/uploads\/2023\/05\/sano.png\"  alt=\"\" \/><div class=\"overlay\"><\/div><\/div><div class=\"wgl_portfolio_item-description\"><div class=\"wgl_portfolio_item-title\"><h4 class=\"title\"><a href=\"https:\/\/mercaton.pl\/en\/portfolio\/sano\/\">SANO<\/a><\/h4><\/div><div class=\"wgl_portfolio_item-meta\"><span class=\"post_cats\"><a href=https:\/\/mercaton.pl\/en\/portfolio-category\/produkcja-zywnosci-funkcjonalnej\/ class=\"portfolio-category\">Produkcja \u017cywno\u015bci funkcjonalnej<\/a><\/span><\/div><div class=\"wgl_portfolio_item-content\"><div class=\"content\"><div class='wrapper'>Sano to producent \u017cywno\u015bci funkcjonalnej o wysokim potencjale rozwojowym.<\/div><\/div><\/div><\/div><\/div><\/article><\/div><\/div><\/section><section class=\"wgl_cpt_section\"><div class=\"wgl_portfolio_list\" id=\"portfolio_module_69e214503421a\"><div class=\"wgl_portfolio_list-container container-grid row grid portfolio_columns-1 custom-portfolio-view custom-portfolio-view-en\"  style=\"margin-right:-15px; margin-left:-15px; margin-bottom:-30px;\"><article class=\"wgl_portfolio_list-item item wgl_col-12 fmcg-industry\"  style=\"padding-right:15px; padding-left:15px; padding-bottom:30px\"><div class=\"wgl_portfolio_item-wrapper under_image h_align_left\"><div class=\"wgl_portfolio_item-image\"><img decoding=\"async\"  src=\"https:\/\/mercaton.pl\/wp-content\/uploads\/2023\/05\/seize.png\"  alt=\"\" \/><div class=\"overlay\"><\/div><\/div><div class=\"wgl_portfolio_item-description\"><div class=\"wgl_portfolio_item-title\"><h4 class=\"title\"><a href=\"https:\/\/mercaton.pl\/en\/portfolio\/seize-2\/\">SEIZE<\/a><\/h4><\/div><div class=\"wgl_portfolio_item-meta\"><span class=\"post_cats\"><a href=https:\/\/mercaton.pl\/en\/portfolio-category\/fmcg-industry\/ class=\"portfolio-category\">FMCG Industry<\/a><\/span><\/div><div class=\"wgl_portfolio_item-content\"><div class=\"content\"><div class='wrapper'>SEIZE (formerly Mate T) is a Polish manufacturer of innovative loose-leaf tea\r\nmachines. The device is the result of 3 years of research and development,\r\nconducted entirely in Poland. The company collaborates with major distributors of\r\ngastronomic equipment such as Best Coffee Systems (co-investor) and Lyreco.\r\nOne of the recipients of the machines is a chain of petrol stations (the\r\ncollaboration is entering the scaling phase). The company currently sells 45\r\ndevices per month (reaching the break-even point), and with the opening of new\r\nmarkets, this number is expected to gradually increase to 2,000 per month by\r\n2027. Seize has also developed tea pods dedicated to the sold machines, which\r\nserve as an additional source of revenue for the company and ensure exclusive\r\naccess to raw materials.<\/div><\/div><\/div><\/div><\/div><\/article><article class=\"wgl_portfolio_list-item item wgl_col-12 integration-of-the-craft-cafe-bakery-market\"  style=\"padding-right:15px; padding-left:15px; padding-bottom:30px\"><div class=\"wgl_portfolio_item-wrapper under_image h_align_left\"><div class=\"wgl_portfolio_item-image\"><img decoding=\"async\"  src=\"https:\/\/mercaton.pl\/wp-content\/uploads\/2023\/05\/s4b.png\"  alt=\"\" \/><div class=\"overlay\"><\/div><\/div><div class=\"wgl_portfolio_item-description\"><div class=\"wgl_portfolio_item-title\"><h4 class=\"title\"><a href=\"https:\/\/mercaton.pl\/en\/portfolio\/s4b-2\/\">S4B<\/a><\/h4><\/div><div class=\"wgl_portfolio_item-meta\"><span class=\"post_cats\"><a href=https:\/\/mercaton.pl\/en\/portfolio-category\/integration-of-the-craft-cafe-bakery-market\/ class=\"portfolio-category\">Integration of the Craft Caf\u00e9-Bakery Market<\/a><\/span><\/div><div class=\"wgl_portfolio_item-content\"><div class=\"content\"><div class='wrapper'>S4B is a special purpose company established to carry out acquisitions in the FMCG market:\r\n<ul>\r\n \t<li>The company is currently raising additional rounds of financing.<\/li>\r\n \t<li>The acquisition targets have been defined (investment agreement phase\/due diligence phase).<\/li>\r\n \t<li>Experienced individuals from the industry are involved in the project.<\/li>\r\n<\/ul>\r\n<\/div><\/div><\/div><\/div><\/div><\/article><article class=\"wgl_portfolio_list-item item wgl_col-12 gaming-industry\"  style=\"padding-right:15px; padding-left:15px; padding-bottom:30px\"><div class=\"wgl_portfolio_item-wrapper under_image h_align_left\"><div class=\"wgl_portfolio_item-image\"><img decoding=\"async\"  src=\"https:\/\/mercaton.pl\/wp-content\/uploads\/2023\/05\/oxygen.png\"  alt=\"\" \/><div class=\"overlay\"><\/div><\/div><div class=\"wgl_portfolio_item-description\"><div class=\"wgl_portfolio_item-title\"><h4 class=\"title\"><a href=\"https:\/\/mercaton.pl\/en\/portfolio\/oxygen-2\/\">OXYGEN<\/a><\/h4><\/div><div class=\"wgl_portfolio_item-meta\"><span class=\"post_cats\"><a href=https:\/\/mercaton.pl\/en\/portfolio-category\/gaming-industry\/ class=\"portfolio-category\">Gaming Industry<\/a><\/span><\/div><div class=\"wgl_portfolio_item-content\"><div class=\"content\"><div class='wrapper'>Oxygen SA is engaged in the production and publishing of games, with a focus on enhancing the quality of gameplay. In line with the strategy presented in 2020, the company released 20 titles in 2022. Additionally, the strategy, which involves tracking and capturing trends, led the Group to enter the world of NFTs and cryptocurrencies. As a positive outcome, the company has prepared its own NFT token issuance (the mint took place on November 29th and 30th): fastsociety.io. Furthermore, Oxygen has gained significant presence in the web3 gaming market and is recognized as a specialist in this field. The company is listed on NewConnect (OXY).<\/div><\/div><\/div><\/div><\/div><\/article><article class=\"wgl_portfolio_list-item item wgl_col-12 video-game-adaptations-to-board-games\"  style=\"padding-right:15px; padding-left:15px; padding-bottom:30px\"><div class=\"wgl_portfolio_item-wrapper under_image h_align_left\"><div class=\"wgl_portfolio_item-image\"><img decoding=\"async\"  src=\"https:\/\/mercaton.pl\/wp-content\/uploads\/2023\/05\/glass.png\"  alt=\"\" \/><div class=\"overlay\"><\/div><\/div><div class=\"wgl_portfolio_item-description\"><div class=\"wgl_portfolio_item-title\"><h4 class=\"title\"><a href=\"https:\/\/mercaton.pl\/en\/portfolio\/glass-cannon-unplugged-2\/\">Glass Cannon Unplugged<\/a><\/h4><\/div><div class=\"wgl_portfolio_item-meta\"><span class=\"post_cats\"><a href=https:\/\/mercaton.pl\/en\/portfolio-category\/video-game-adaptations-to-board-games\/ class=\"portfolio-category\">Video Game Adaptations to Board Games<\/a><\/span><\/div><div class=\"wgl_portfolio_item-content\"><div class=\"content\"><div class='wrapper'><span role=\"presentation\" dir=\"ltr\">Glass Cannon Unplugged creates board games based on bestselling video games. <\/span><span role=\"presentation\" dir=\"ltr\">The first project, Frostpunk: The Board Game, generated over PLN 3.5 million in <\/span><span role=\"presentation\" dir=\"ltr\">profit with approximately PLN 20 million in revenue. The company has signed <\/span><span role=\"presentation\" dir=\"ltr\">four additional licensing agreements with major global IPs from Poland (including <\/span><span role=\"presentation\" dir=\"ltr\">Dying Light), the US, and Canada, which have significantly greater potential (and <\/span><span role=\"presentation\" dir=\"ltr\">brand strength) than the first project, while also negotiating further agreements. <\/span><span role=\"presentation\" dir=\"ltr\">The company plans to release two more products in 2023 and aims to reach 3-4 <\/span><span role=\"presentation\" dir=\"ltr\">projects annually starting from 2024.<\/span><\/div><\/div><\/div><\/div><\/div><\/article><article class=\"wgl_portfolio_list-item item wgl_col-12 functional-food-production\"  style=\"padding-right:15px; padding-left:15px; padding-bottom:30px\"><div class=\"wgl_portfolio_item-wrapper under_image h_align_left\"><div class=\"wgl_portfolio_item-image\"><img decoding=\"async\"  src=\"https:\/\/mercaton.pl\/wp-content\/uploads\/2023\/05\/sano.png\"  alt=\"\" \/><div class=\"overlay\"><\/div><\/div><div class=\"wgl_portfolio_item-description\"><div class=\"wgl_portfolio_item-title\"><h4 class=\"title\"><a href=\"https:\/\/mercaton.pl\/en\/portfolio\/sano-2\/\">SANO<\/a><\/h4><\/div><div class=\"wgl_portfolio_item-meta\"><span class=\"post_cats\"><a href=https:\/\/mercaton.pl\/en\/portfolio-category\/functional-food-production\/ class=\"portfolio-category\">Functional Food Production<\/a><\/span><\/div><div class=\"wgl_portfolio_item-content\"><div class=\"content\"><div class='wrapper'>Sano is a producer of functional food with high growth potential. Mercaton's role involves conducting an MBI (Management Buy-In) process along with restructuring the legal form in which the project is conducted.<\/div><\/div><\/div><\/div><\/div><\/article><\/div><\/div><\/section>[\/vc_column][\/vc_row][vc_row css=&#8221;.vc_custom_1684848375305{margin-top: 40px !important;padding-top: 50px !important;background-color: #f7f7f7 !important;}&#8221;][vc_column width=&#8221;1\/12&#8243; offset=&#8221;vc_hidden-xs&#8221;][\/vc_column][vc_column width=&#8221;5\/6&#8243;][vc_column_text el_class=&#8221;special-header&#8221;]\n<h1>Interested?<\/h1>\n[\/vc_column_text][\/vc_column][vc_column width=&#8221;1\/12&#8243; offset=&#8221;vc_hidden-xs&#8221;][\/vc_column][\/vc_row][vc_row css=&#8221;.vc_custom_1684848309709{padding-top: 40px !important;padding-bottom: 40px !important;background-color: #f7f7f7 !important;}&#8221;][vc_column width=&#8221;1\/12&#8243; offset=&#8221;vc_hidden-xs&#8221;][\/vc_column][vc_column width=&#8221;5\/6&#8243;][vc_row_inner][vc_column_inner width=&#8221;5\/12&#8243; offset=&#8221;vc_hidden-xs&#8221;][\/vc_column_inner][vc_column_inner width=&#8221;7\/12&#8243;][vc_column_text]\n<p style=\"font-size: 18px; color: black;\">Find out more details, contact us and <strong>become an investor.<\/strong><\/p>\n[\/vc_column_text][\/vc_column_inner][\/vc_row_inner][\/vc_column][vc_column width=&#8221;1\/12&#8243; offset=&#8221;vc_hidden-xs&#8221;][\/vc_column][\/vc_row][vc_row css=&#8221;.vc_custom_1684848387937{margin-bottom: 40px !important;padding-bottom: 70px !important;background-color: #f7f7f7 !important;}&#8221;][vc_column width=&#8221;1\/12&#8243; offset=&#8221;vc_hidden-xs&#8221;][\/vc_column][vc_column width=&#8221;5\/6&#8243;][vc_column_text]\n<p style=\"text-align: center;\"><a href=\"\/en\/kontakt\" class=\"teaser-button\">Contact us!<\/a><\/p>\n[\/vc_column_text][\/vc_column][vc_column width=&#8221;1\/12&#8243; offset=&#8221;vc_hidden-xs&#8221;][\/vc_column][\/vc_row]\n","protected":false},"excerpt":{"rendered":"Sano is a producer of functional food with high growth potential. Mercaton's role involves conducting an MBI (Management Buy-In) process along with restructuring the legal form in which the project is conducted.","protected":false},"author":49,"featured_media":0,"parent":0,"menu_order":0,"comment_status":"closed","ping_status":"closed","template":"","meta":{"inline_featured_image":false,"footnotes":"","_links_to":"","_links_to_target":""},"class_list":["post-2762","page","type-page","status-publish","hentry"],"_links":{"self":[{"href":"https:\/\/mercaton.pl\/en\/wp-json\/wp\/v2\/pages\/2762","targetHints":{"allow":["GET"]}}],"collection":[{"href":"https:\/\/mercaton.pl\/en\/wp-json\/wp\/v2\/pages"}],"about":[{"href":"https:\/\/mercaton.pl\/en\/wp-json\/wp\/v2\/types\/page"}],"author":[{"embeddable":true,"href":"https:\/\/mercaton.pl\/en\/wp-json\/wp\/v2\/users\/49"}],"replies":[{"embeddable":true,"href":"https:\/\/mercaton.pl\/en\/wp-json\/wp\/v2\/comments?post=2762"}],"version-history":[{"count":26,"href":"https:\/\/mercaton.pl\/en\/wp-json\/wp\/v2\/pages\/2762\/revisions"}],"predecessor-version":[{"id":3288,"href":"https:\/\/mercaton.pl\/en\/wp-json\/wp\/v2\/pages\/2762\/revisions\/3288"}],"wp:attachment":[{"href":"https:\/\/mercaton.pl\/en\/wp-json\/wp\/v2\/media?parent=2762"}],"curies":[{"name":"wp","href":"https:\/\/api.w.org\/{rel}","templated":true}]}}